{"id":8,"date":"2020-05-22T08:02:25","date_gmt":"2020-05-22T08:02:25","guid":{"rendered":"http:\/\/bussiremont.ee\/?page_id=8"},"modified":"2021-05-06T08:31:36","modified_gmt":"2021-05-06T08:31:36","slug":"kontakt","status":"publish","type":"page","link":"http:\/\/bussiremont.ee\/?page_id=8","title":{"rendered":"Kontakt"},"content":{"rendered":"\n<p>Meie t\u00f6\u00f6koda asub Tallinna l\u00e4hedal: <br>Lennuradari tee 8, Soodevahe, 75322 Harju maakond.<br><br>\u00dcldine kontakt: info@bussiremont.ee<br><br>T\u00f6\u00f6koja juhataja: <br>Peeter P\u00f5der<br>peeter@bussiremont.ee<br>+37256257024<\/p>\n\n\n\n<p>Varuosade ladu:<br>Marina Uibukant<br>marina@bussiremont.ee<br>+37256257030<\/p>\n\n\n<div id=\"wpgmza_map\" class=\"wpgmza_map\" data-settings='{\"id\":\"1\",\"map_title\":\"My first map\",\"map_width\":\"100\",\"map_height\":\"400\",\"map_start_lat\":\"59.412739\",\"map_start_lng\":\"24.895547\",\"map_start_location\":\"59.41273894460903,24.89554684938189\",\"map_start_zoom\":\"15\",\"default_marker\":\"0\",\"type\":\"1\",\"alignment\":\"4\",\"directions_enabled\":\"1\",\"styling_enabled\":\"0\",\"styling_json\":\"\",\"active\":\"0\",\"kml\":\"\",\"bicycle\":\"0\",\"traffic\":\"0\",\"dbox\":\"1\",\"dbox_width\":\"100\",\"listmarkers\":\"0\",\"listmarkers_advanced\":\"0\",\"filterbycat\":\"0\",\"ugm_enabled\":\"0\",\"ugm_category_enabled\":\"0\",\"fusion\":\"\",\"map_width_type\":\"\\\\%\",\"map_height_type\":\"px\",\"mass_marker_support\":\"1\",\"ugm_access\":\"0\",\"order_markers_by\":\"1\",\"order_markers_choice\":\"2\",\"show_user_location\":\"0\",\"default_to\":\"\",\"other_settings\":{\"store_locator_enabled\":2,\"store_locator_distance\":2,\"store_locator_default_radius\":10,\"store_locator_not_found_message\":\"No results found in this location. Please try again.\",\"store_locator_bounce\":1,\"store_locator_query_string\":\"ZIP \\\/ Address:\",\"store_locator_default_address\":\"\",\"wpgmza_store_locator_restrict\":\"\",\"wpgmza_store_locator_radius_style\":\"modern\",\"map_max_zoom\":\"1\",\"transport_layer\":0,\"wpgmza_show_points_of_interest\":0,\"wpgmza_auto_night\":0}}' data-map-id='1' Data-maps-engine='open-layers' data-shortcode-attributes='{\"id\":\"1\"}' style=\"display:block; overflow:auto; width:100%; height:400px; float:left;\"><\/div>\n\n\n\n<p><\/p>\n\n\n","protected":false},"excerpt":{"rendered":"<p>Meie t\u00f6\u00f6koda asub Tallinna l\u00e4hedal: Lennuradari tee 8, Soodevahe, 75322 Harju maakond. \u00dcldine kontakt: info@bussiremont.ee T\u00f6\u00f6koja juhataja: Peeter P\u00f5derpeeter@bussiremont.ee+37256257024 Varuosade ladu:Marina Uibukantmarina@bussiremont.ee+37256257030<\/p>\n","protected":false},"author":1,"featured_media":0,"parent":0,"menu_order":0,"comment_status":"closed","ping_status":"closed","template":"","meta":{"footnotes":""},"class_list":["post-8","page","type-page","status-publish","hentry"],"_links":{"self":[{"href":"http:\/\/bussiremont.ee\/index.php?rest_route=\/wp\/v2\/pages\/8","targetHints":{"allow":["GET"]}}],"collection":[{"href":"http:\/\/bussiremont.ee\/index.php?rest_route=\/wp\/v2\/pages"}],"about":[{"href":"http:\/\/bussiremont.ee\/index.php?rest_route=\/wp\/v2\/types\/page"}],"author":[{"embeddable":true,"href":"http:\/\/bussiremont.ee\/index.php?rest_route=\/wp\/v2\/users\/1"}],"replies":[{"embeddable":true,"href":"http:\/\/bussiremont.ee\/index.php?rest_route=%2Fwp%2Fv2%2Fcomments&post=8"}],"version-history":[{"count":6,"href":"http:\/\/bussiremont.ee\/index.php?rest_route=\/wp\/v2\/pages\/8\/revisions"}],"predecessor-version":[{"id":86,"href":"http:\/\/bussiremont.ee\/index.php?rest_route=\/wp\/v2\/pages\/8\/revisions\/86"}],"wp:attachment":[{"href":"http:\/\/bussiremont.ee\/index.php?rest_route=%2Fwp%2Fv2%2Fmedia&parent=8"}],"curies":[{"name":"wp","href":"https:\/\/api.w.org\/{rel}","templated":true}]}}