{"id":121,"date":"2021-05-05T12:34:59","date_gmt":"2021-05-05T12:34:59","guid":{"rendered":"http:\/\/bussiremont.ee\/?page_id=121"},"modified":"2023-08-30T10:17:10","modified_gmt":"2023-08-30T10:17:10","slug":"galerii","status":"publish","type":"page","link":"https:\/\/bussiremont.ee\/?page_id=121","title":{"rendered":"Galerii"},"content":{"rendered":"\n<div class=\"wp-block-columns is-layout-flex wp-container-core-columns-is-layout-9d6595d7 wp-block-columns-is-layout-flex\">\n<div class=\"wp-block-column is-layout-flow wp-block-column-is-layout-flow\" style=\"flex-basis:100%\">\n<h2 class=\"wp-block-heading\">Bussiremont O\u00dc tegemised l\u00e4bi aegade. <\/h2>\n<\/div>\n<\/div>\n\n\n\n<div class=\"wp-block-columns is-layout-flex wp-container-core-columns-is-layout-9d6595d7 wp-block-columns-is-layout-flex\">\n<div class=\"wp-block-column is-layout-flow wp-block-column-is-layout-flow\" style=\"flex-basis:100%\">\n<div class=\"wp-block-group\"><div class=\"wp-block-group__inner-container is-layout-flow wp-block-group-is-layout-flow\">\n<div class=\"wp-block-columns is-layout-flex wp-container-core-columns-is-layout-9d6595d7 wp-block-columns-is-layout-flex\">\n<div class=\"wp-block-column is-layout-flow wp-block-column-is-layout-flow\" style=\"flex-basis:100%\">\n<div class=\"wp-block-group\"><div class=\"wp-block-group__inner-container is-layout-flow wp-block-group-is-layout-flow\">\n<div class=\"wp-block-columns is-layout-flex wp-container-core-columns-is-layout-9d6595d7 wp-block-columns-is-layout-flex\">\n<div class=\"wp-block-column is-layout-flow wp-block-column-is-layout-flow\" style=\"flex-basis:100%\">\n<div class=\"wp-block-columns is-layout-flex wp-container-core-columns-is-layout-9d6595d7 wp-block-columns-is-layout-flex\">\n<div class=\"wp-block-column is-layout-flow wp-block-column-is-layout-flow\" style=\"flex-basis:100%\">\n<figure class=\"wp-block-gallery alignwide has-nested-images columns-3 is-cropped wp-block-gallery-1 is-layout-flex wp-block-gallery-is-layout-flex\">\n<figure class=\"wp-block-image size-large\"><img loading=\"lazy\" decoding=\"async\" width=\"977\" height=\"1024\" data-id=\"177\" src=\"http:\/\/bussiremont.ee\/wp-content\/uploads\/2021\/05\/DSC_0213-977x1024.jpg\" alt=\"\" class=\"wp-image-177\" srcset=\"https:\/\/bussiremont.ee\/wp-content\/uploads\/2021\/05\/DSC_0213-977x1024.jpg 977w, https:\/\/bussiremont.ee\/wp-content\/uploads\/2021\/05\/DSC_0213-286x300.jpg 286w, https:\/\/bussiremont.ee\/wp-content\/uploads\/2021\/05\/DSC_0213-768x805.jpg 768w, https:\/\/bussiremont.ee\/wp-content\/uploads\/2021\/05\/DSC_0213-1466x1536.jpg 1466w, https:\/\/bussiremont.ee\/wp-content\/uploads\/2021\/05\/DSC_0213.jpg 1805w\" sizes=\"auto, (max-width: 977px) 100vw, 977px\" \/><\/figure>\n\n\n\n<figure class=\"wp-block-image size-large\"><img loading=\"lazy\" decoding=\"async\" width=\"683\" height=\"1024\" data-id=\"180\" src=\"http:\/\/bussiremont.ee\/wp-content\/uploads\/2021\/05\/DSC_0435-683x1024.jpg\" alt=\"\" class=\"wp-image-180\" srcset=\"https:\/\/bussiremont.ee\/wp-content\/uploads\/2021\/05\/DSC_0435-683x1024.jpg 683w, https:\/\/bussiremont.ee\/wp-content\/uploads\/2021\/05\/DSC_0435-200x300.jpg 200w, https:\/\/bussiremont.ee\/wp-content\/uploads\/2021\/05\/DSC_0435-768x1152.jpg 768w, https:\/\/bussiremont.ee\/wp-content\/uploads\/2021\/05\/DSC_0435-1024x1536.jpg 1024w, https:\/\/bussiremont.ee\/wp-content\/uploads\/2021\/05\/DSC_0435-1365x2048.jpg 1365w, https:\/\/bussiremont.ee\/wp-content\/uploads\/2021\/05\/DSC_0435-scaled.jpg 1707w\" sizes=\"auto, (max-width: 683px) 100vw, 683px\" \/><\/figure>\n\n\n\n<figure class=\"wp-block-image size-large\"><img loading=\"lazy\" decoding=\"async\" width=\"1024\" height=\"755\" data-id=\"182\" src=\"http:\/\/bussiremont.ee\/wp-content\/uploads\/2021\/05\/DSC_0471-1024x755.jpg\" alt=\"\" class=\"wp-image-182\" srcset=\"https:\/\/bussiremont.ee\/wp-content\/uploads\/2021\/05\/DSC_0471-1024x755.jpg 1024w, https:\/\/bussiremont.ee\/wp-content\/uploads\/2021\/05\/DSC_0471-300x221.jpg 300w, https:\/\/bussiremont.ee\/wp-content\/uploads\/2021\/05\/DSC_0471-768x566.jpg 768w, https:\/\/bussiremont.ee\/wp-content\/uploads\/2021\/05\/DSC_0471-1536x1132.jpg 1536w, https:\/\/bussiremont.ee\/wp-content\/uploads\/2021\/05\/DSC_0471-2048x1510.jpg 2048w\" sizes=\"auto, (max-width: 1024px) 100vw, 1024px\" \/><\/figure>\n\n\n\n<figure class=\"wp-block-image size-large\"><img loading=\"lazy\" decoding=\"async\" width=\"683\" height=\"1024\" data-id=\"184\" src=\"http:\/\/bussiremont.ee\/wp-content\/uploads\/2021\/05\/DSC_0684-1-683x1024.jpg\" alt=\"\" class=\"wp-image-184\" srcset=\"https:\/\/bussiremont.ee\/wp-content\/uploads\/2021\/05\/DSC_0684-1-683x1024.jpg 683w, https:\/\/bussiremont.ee\/wp-content\/uploads\/2021\/05\/DSC_0684-1-200x300.jpg 200w, https:\/\/bussiremont.ee\/wp-content\/uploads\/2021\/05\/DSC_0684-1-768x1152.jpg 768w, https:\/\/bussiremont.ee\/wp-content\/uploads\/2021\/05\/DSC_0684-1-1024x1536.jpg 1024w, https:\/\/bussiremont.ee\/wp-content\/uploads\/2021\/05\/DSC_0684-1-1365x2048.jpg 1365w, https:\/\/bussiremont.ee\/wp-content\/uploads\/2021\/05\/DSC_0684-1-scaled.jpg 1707w\" sizes=\"auto, (max-width: 683px) 100vw, 683px\" \/><\/figure>\n\n\n\n<figure class=\"wp-block-image size-large\"><img loading=\"lazy\" decoding=\"async\" width=\"1024\" height=\"683\" data-id=\"172\" src=\"http:\/\/bussiremont.ee\/wp-content\/uploads\/2021\/05\/DSC_0161-1024x683.jpg\" alt=\"\" class=\"wp-image-172\" srcset=\"https:\/\/bussiremont.ee\/wp-content\/uploads\/2021\/05\/DSC_0161-1024x683.jpg 1024w, https:\/\/bussiremont.ee\/wp-content\/uploads\/2021\/05\/DSC_0161-300x200.jpg 300w, https:\/\/bussiremont.ee\/wp-content\/uploads\/2021\/05\/DSC_0161-768x512.jpg 768w, https:\/\/bussiremont.ee\/wp-content\/uploads\/2021\/05\/DSC_0161-1536x1024.jpg 1536w, https:\/\/bussiremont.ee\/wp-content\/uploads\/2021\/05\/DSC_0161-2048x1365.jpg 2048w\" sizes=\"auto, (max-width: 1024px) 100vw, 1024px\" \/><\/figure>\n\n\n\n<figure class=\"wp-block-image size-large\"><img loading=\"lazy\" decoding=\"async\" width=\"683\" height=\"1024\" data-id=\"171\" src=\"http:\/\/bussiremont.ee\/wp-content\/uploads\/2021\/05\/DSC_0158-683x1024.jpg\" alt=\"\" class=\"wp-image-171\" srcset=\"https:\/\/bussiremont.ee\/wp-content\/uploads\/2021\/05\/DSC_0158-683x1024.jpg 683w, https:\/\/bussiremont.ee\/wp-content\/uploads\/2021\/05\/DSC_0158-200x300.jpg 200w, https:\/\/bussiremont.ee\/wp-content\/uploads\/2021\/05\/DSC_0158-768x1152.jpg 768w, https:\/\/bussiremont.ee\/wp-content\/uploads\/2021\/05\/DSC_0158-1024x1536.jpg 1024w, https:\/\/bussiremont.ee\/wp-content\/uploads\/2021\/05\/DSC_0158-1365x2048.jpg 1365w, https:\/\/bussiremont.ee\/wp-content\/uploads\/2021\/05\/DSC_0158-scaled.jpg 1707w\" sizes=\"auto, (max-width: 683px) 100vw, 683px\" \/><\/figure>\n\n\n\n<figure class=\"wp-block-image size-large\"><img loading=\"lazy\" decoding=\"async\" width=\"1024\" height=\"756\" data-id=\"170\" src=\"http:\/\/bussiremont.ee\/wp-content\/uploads\/2021\/05\/DSC_0033-1-1024x756.jpg\" alt=\"\" class=\"wp-image-170\" srcset=\"https:\/\/bussiremont.ee\/wp-content\/uploads\/2021\/05\/DSC_0033-1-1024x756.jpg 1024w, https:\/\/bussiremont.ee\/wp-content\/uploads\/2021\/05\/DSC_0033-1-300x221.jpg 300w, https:\/\/bussiremont.ee\/wp-content\/uploads\/2021\/05\/DSC_0033-1-768x567.jpg 768w, https:\/\/bussiremont.ee\/wp-content\/uploads\/2021\/05\/DSC_0033-1-1536x1134.jpg 1536w, https:\/\/bussiremont.ee\/wp-content\/uploads\/2021\/05\/DSC_0033-1-2048x1512.jpg 2048w\" sizes=\"auto, (max-width: 1024px) 100vw, 1024px\" \/><\/figure>\n\n\n\n<figure class=\"wp-block-image size-large\"><img loading=\"lazy\" decoding=\"async\" width=\"1024\" height=\"461\" data-id=\"169\" src=\"http:\/\/bussiremont.ee\/wp-content\/uploads\/2021\/05\/20210205_163252-1024x461.jpg\" alt=\"\" class=\"wp-image-169\" srcset=\"https:\/\/bussiremont.ee\/wp-content\/uploads\/2021\/05\/20210205_163252-1024x461.jpg 1024w, https:\/\/bussiremont.ee\/wp-content\/uploads\/2021\/05\/20210205_163252-300x135.jpg 300w, https:\/\/bussiremont.ee\/wp-content\/uploads\/2021\/05\/20210205_163252-768x346.jpg 768w, https:\/\/bussiremont.ee\/wp-content\/uploads\/2021\/05\/20210205_163252-1536x691.jpg 1536w, https:\/\/bussiremont.ee\/wp-content\/uploads\/2021\/05\/20210205_163252-2048x922.jpg 2048w\" sizes=\"auto, (max-width: 1024px) 100vw, 1024px\" \/><\/figure>\n\n\n\n<figure class=\"wp-block-image size-large\"><img loading=\"lazy\" decoding=\"async\" width=\"777\" height=\"488\" data-id=\"122\" src=\"http:\/\/bussiremont.ee\/wp-content\/uploads\/2021\/05\/DSC_0411.jpg\" alt=\"\" class=\"wp-image-122\" srcset=\"https:\/\/bussiremont.ee\/wp-content\/uploads\/2021\/05\/DSC_0411.jpg 777w, https:\/\/bussiremont.ee\/wp-content\/uploads\/2021\/05\/DSC_0411-300x188.jpg 300w, https:\/\/bussiremont.ee\/wp-content\/uploads\/2021\/05\/DSC_0411-768x482.jpg 768w\" sizes=\"auto, (max-width: 777px) 100vw, 777px\" \/><\/figure>\n\n\n\n<figure class=\"wp-block-image size-large\"><img loading=\"lazy\" decoding=\"async\" width=\"1024\" height=\"738\" data-id=\"124\" src=\"http:\/\/bussiremont.ee\/wp-content\/uploads\/2021\/05\/DSC_03602-1024x738.jpg\" alt=\"\" class=\"wp-image-124\" srcset=\"https:\/\/bussiremont.ee\/wp-content\/uploads\/2021\/05\/DSC_03602-1024x738.jpg 1024w, https:\/\/bussiremont.ee\/wp-content\/uploads\/2021\/05\/DSC_03602-300x216.jpg 300w, https:\/\/bussiremont.ee\/wp-content\/uploads\/2021\/05\/DSC_03602-768x554.jpg 768w, https:\/\/bussiremont.ee\/wp-content\/uploads\/2021\/05\/DSC_03602-1536x1108.jpg 1536w, https:\/\/bussiremont.ee\/wp-content\/uploads\/2021\/05\/DSC_03602-2048x1477.jpg 2048w\" sizes=\"auto, (max-width: 1024px) 100vw, 1024px\" \/><\/figure>\n\n\n\n<figure class=\"wp-block-image size-large\"><img loading=\"lazy\" decoding=\"async\" width=\"737\" height=\"1024\" data-id=\"131\" src=\"http:\/\/bussiremont.ee\/wp-content\/uploads\/2021\/05\/1-737x1024.jpg\" alt=\"\" class=\"wp-image-131\" srcset=\"https:\/\/bussiremont.ee\/wp-content\/uploads\/2021\/05\/1-737x1024.jpg 737w, https:\/\/bussiremont.ee\/wp-content\/uploads\/2021\/05\/1-216x300.jpg 216w, https:\/\/bussiremont.ee\/wp-content\/uploads\/2021\/05\/1-768x1067.jpg 768w, https:\/\/bussiremont.ee\/wp-content\/uploads\/2021\/05\/1-1106x1536.jpg 1106w, https:\/\/bussiremont.ee\/wp-content\/uploads\/2021\/05\/1-1475x2048.jpg 1475w, https:\/\/bussiremont.ee\/wp-content\/uploads\/2021\/05\/1-scaled.jpg 1843w\" sizes=\"auto, (max-width: 737px) 100vw, 737px\" \/><\/figure>\n\n\n\n<figure class=\"wp-block-image size-large\"><img loading=\"lazy\" decoding=\"async\" width=\"1024\" height=\"683\" data-id=\"132\" src=\"http:\/\/bussiremont.ee\/wp-content\/uploads\/2021\/05\/6-1024x683.jpg\" alt=\"\" class=\"wp-image-132\" srcset=\"https:\/\/bussiremont.ee\/wp-content\/uploads\/2021\/05\/6-1024x683.jpg 1024w, https:\/\/bussiremont.ee\/wp-content\/uploads\/2021\/05\/6-300x200.jpg 300w, https:\/\/bussiremont.ee\/wp-content\/uploads\/2021\/05\/6-768x512.jpg 768w, https:\/\/bussiremont.ee\/wp-content\/uploads\/2021\/05\/6-1536x1024.jpg 1536w, https:\/\/bussiremont.ee\/wp-content\/uploads\/2021\/05\/6-2048x1366.jpg 2048w\" sizes=\"auto, (max-width: 1024px) 100vw, 1024px\" \/><\/figure>\n\n\n\n<figure class=\"wp-block-image size-large\"><img loading=\"lazy\" decoding=\"async\" width=\"1024\" height=\"461\" data-id=\"133\" src=\"http:\/\/bussiremont.ee\/wp-content\/uploads\/2021\/05\/20210111_114355-1024x461.jpg\" alt=\"\" class=\"wp-image-133\" srcset=\"https:\/\/bussiremont.ee\/wp-content\/uploads\/2021\/05\/20210111_114355-1024x461.jpg 1024w, https:\/\/bussiremont.ee\/wp-content\/uploads\/2021\/05\/20210111_114355-300x135.jpg 300w, https:\/\/bussiremont.ee\/wp-content\/uploads\/2021\/05\/20210111_114355-768x346.jpg 768w, https:\/\/bussiremont.ee\/wp-content\/uploads\/2021\/05\/20210111_114355-1536x691.jpg 1536w, https:\/\/bussiremont.ee\/wp-content\/uploads\/2021\/05\/20210111_114355-2048x922.jpg 2048w\" sizes=\"auto, (max-width: 1024px) 100vw, 1024px\" \/><\/figure>\n\n\n\n<figure class=\"wp-block-image size-large\"><img loading=\"lazy\" decoding=\"async\" width=\"1024\" height=\"683\" data-id=\"134\" src=\"http:\/\/bussiremont.ee\/wp-content\/uploads\/2021\/05\/DSC_0173-1024x683.jpg\" alt=\"\" class=\"wp-image-134\" srcset=\"https:\/\/bussiremont.ee\/wp-content\/uploads\/2021\/05\/DSC_0173-1024x683.jpg 1024w, https:\/\/bussiremont.ee\/wp-content\/uploads\/2021\/05\/DSC_0173-300x200.jpg 300w, https:\/\/bussiremont.ee\/wp-content\/uploads\/2021\/05\/DSC_0173-768x512.jpg 768w, https:\/\/bussiremont.ee\/wp-content\/uploads\/2021\/05\/DSC_0173-1536x1024.jpg 1536w, https:\/\/bussiremont.ee\/wp-content\/uploads\/2021\/05\/DSC_0173-2048x1366.jpg 2048w\" sizes=\"auto, (max-width: 1024px) 100vw, 1024px\" \/><\/figure>\n\n\n\n<figure class=\"wp-block-image size-large\"><img loading=\"lazy\" decoding=\"async\" width=\"1024\" height=\"683\" data-id=\"138\" src=\"http:\/\/bussiremont.ee\/wp-content\/uploads\/2021\/05\/DSC_0671-1024x683.jpg\" alt=\"\" class=\"wp-image-138\" srcset=\"https:\/\/bussiremont.ee\/wp-content\/uploads\/2021\/05\/DSC_0671-1024x683.jpg 1024w, https:\/\/bussiremont.ee\/wp-content\/uploads\/2021\/05\/DSC_0671-300x200.jpg 300w, https:\/\/bussiremont.ee\/wp-content\/uploads\/2021\/05\/DSC_0671-768x512.jpg 768w, https:\/\/bussiremont.ee\/wp-content\/uploads\/2021\/05\/DSC_0671-1536x1024.jpg 1536w, https:\/\/bussiremont.ee\/wp-content\/uploads\/2021\/05\/DSC_0671-2048x1365.jpg 2048w\" sizes=\"auto, (max-width: 1024px) 100vw, 1024px\" \/><\/figure>\n\n\n\n<figure class=\"wp-block-image size-large\"><img loading=\"lazy\" decoding=\"async\" width=\"1024\" height=\"683\" data-id=\"141\" src=\"http:\/\/bussiremont.ee\/wp-content\/uploads\/2021\/05\/DSC_0683-1024x683.jpg\" alt=\"\" class=\"wp-image-141\" srcset=\"https:\/\/bussiremont.ee\/wp-content\/uploads\/2021\/05\/DSC_0683-1024x683.jpg 1024w, https:\/\/bussiremont.ee\/wp-content\/uploads\/2021\/05\/DSC_0683-300x200.jpg 300w, https:\/\/bussiremont.ee\/wp-content\/uploads\/2021\/05\/DSC_0683-768x512.jpg 768w, https:\/\/bussiremont.ee\/wp-content\/uploads\/2021\/05\/DSC_0683-1536x1024.jpg 1536w, https:\/\/bussiremont.ee\/wp-content\/uploads\/2021\/05\/DSC_0683-2048x1365.jpg 2048w\" sizes=\"auto, (max-width: 1024px) 100vw, 1024px\" \/><\/figure>\n\n\n\n<figure class=\"wp-block-image size-large\"><img loading=\"lazy\" decoding=\"async\" width=\"1024\" height=\"683\" data-id=\"142\" src=\"http:\/\/bussiremont.ee\/wp-content\/uploads\/2021\/05\/DSC_0159-1024x683.jpg\" alt=\"\" class=\"wp-image-142\" srcset=\"https:\/\/bussiremont.ee\/wp-content\/uploads\/2021\/05\/DSC_0159-1024x683.jpg 1024w, https:\/\/bussiremont.ee\/wp-content\/uploads\/2021\/05\/DSC_0159-300x200.jpg 300w, https:\/\/bussiremont.ee\/wp-content\/uploads\/2021\/05\/DSC_0159-768x512.jpg 768w, https:\/\/bussiremont.ee\/wp-content\/uploads\/2021\/05\/DSC_0159-1536x1024.jpg 1536w, https:\/\/bussiremont.ee\/wp-content\/uploads\/2021\/05\/DSC_0159-2048x1365.jpg 2048w\" sizes=\"auto, (max-width: 1024px) 100vw, 1024px\" \/><\/figure>\n<\/figure>\n<\/div>\n<\/div>\n<\/div>\n<\/div>\n<\/div><\/div>\n<\/div>\n<\/div>\n<\/div><\/div>\n<\/div>\n<\/div>\n\n\n\n<h2 class=\"wp-block-heading\">Karavani remontt\u00f6\u00f6d <\/h2>\n\n\n\n<p>Meie juures on v\u00f5imalik oma karavan t\u00f6\u00f6korda seada. <\/p>\n\n\n\n<figure class=\"wp-block-gallery has-nested-images columns-default is-cropped wp-block-gallery-2 is-layout-flex wp-block-gallery-is-layout-flex\">\n<figure class=\"wp-block-image size-large\"><img loading=\"lazy\" decoding=\"async\" width=\"1024\" height=\"683\" data-id=\"166\" src=\"http:\/\/bussiremont.ee\/wp-content\/uploads\/2021\/05\/DSC_0033-1024x683.jpg\" alt=\"\" class=\"wp-image-166\" srcset=\"https:\/\/bussiremont.ee\/wp-content\/uploads\/2021\/05\/DSC_0033-1024x683.jpg 1024w, https:\/\/bussiremont.ee\/wp-content\/uploads\/2021\/05\/DSC_0033-300x200.jpg 300w, https:\/\/bussiremont.ee\/wp-content\/uploads\/2021\/05\/DSC_0033-768x512.jpg 768w, https:\/\/bussiremont.ee\/wp-content\/uploads\/2021\/05\/DSC_0033-1536x1024.jpg 1536w, https:\/\/bussiremont.ee\/wp-content\/uploads\/2021\/05\/DSC_0033-2048x1365.jpg 2048w\" sizes=\"auto, (max-width: 1024px) 100vw, 1024px\" \/><\/figure>\n\n\n\n<figure class=\"wp-block-image size-large\"><img loading=\"lazy\" decoding=\"async\" width=\"683\" height=\"1024\" data-id=\"178\" src=\"http:\/\/bussiremont.ee\/wp-content\/uploads\/2021\/05\/DSC_0334-1-683x1024.jpg\" alt=\"\" class=\"wp-image-178\" srcset=\"https:\/\/bussiremont.ee\/wp-content\/uploads\/2021\/05\/DSC_0334-1-683x1024.jpg 683w, https:\/\/bussiremont.ee\/wp-content\/uploads\/2021\/05\/DSC_0334-1-200x300.jpg 200w, https:\/\/bussiremont.ee\/wp-content\/uploads\/2021\/05\/DSC_0334-1-768x1152.jpg 768w, https:\/\/bussiremont.ee\/wp-content\/uploads\/2021\/05\/DSC_0334-1-1024x1536.jpg 1024w, https:\/\/bussiremont.ee\/wp-content\/uploads\/2021\/05\/DSC_0334-1-1365x2048.jpg 1365w, https:\/\/bussiremont.ee\/wp-content\/uploads\/2021\/05\/DSC_0334-1-scaled.jpg 1707w\" sizes=\"auto, (max-width: 683px) 100vw, 683px\" \/><\/figure>\n\n\n\n<figure class=\"wp-block-image size-large\"><img loading=\"lazy\" decoding=\"async\" width=\"915\" height=\"1024\" data-id=\"179\" src=\"http:\/\/bussiremont.ee\/wp-content\/uploads\/2021\/05\/DSC_0418-915x1024.jpg\" alt=\"\" class=\"wp-image-179\" srcset=\"https:\/\/bussiremont.ee\/wp-content\/uploads\/2021\/05\/DSC_0418-915x1024.jpg 915w, https:\/\/bussiremont.ee\/wp-content\/uploads\/2021\/05\/DSC_0418-268x300.jpg 268w, https:\/\/bussiremont.ee\/wp-content\/uploads\/2021\/05\/DSC_0418-768x859.jpg 768w, https:\/\/bussiremont.ee\/wp-content\/uploads\/2021\/05\/DSC_0418-1373x1536.jpg 1373w, https:\/\/bussiremont.ee\/wp-content\/uploads\/2021\/05\/DSC_0418-1831x2048.jpg 1831w\" sizes=\"auto, (max-width: 915px) 100vw, 915px\" \/><\/figure>\n\n\n\n<figure class=\"wp-block-image size-large\"><img loading=\"lazy\" decoding=\"async\" width=\"1024\" height=\"623\" data-id=\"125\" src=\"http:\/\/bussiremont.ee\/wp-content\/uploads\/2021\/05\/20210205_163700-1024x623.jpg\" alt=\"\" class=\"wp-image-125\" srcset=\"https:\/\/bussiremont.ee\/wp-content\/uploads\/2021\/05\/20210205_163700-1024x623.jpg 1024w, https:\/\/bussiremont.ee\/wp-content\/uploads\/2021\/05\/20210205_163700-300x182.jpg 300w, https:\/\/bussiremont.ee\/wp-content\/uploads\/2021\/05\/20210205_163700-768x467.jpg 768w, https:\/\/bussiremont.ee\/wp-content\/uploads\/2021\/05\/20210205_163700-1536x934.jpg 1536w, https:\/\/bussiremont.ee\/wp-content\/uploads\/2021\/05\/20210205_163700-2048x1245.jpg 2048w\" sizes=\"auto, (max-width: 1024px) 100vw, 1024px\" \/><\/figure>\n\n\n\n<figure class=\"wp-block-image size-large\"><img loading=\"lazy\" decoding=\"async\" width=\"1024\" height=\"683\" data-id=\"126\" src=\"http:\/\/bussiremont.ee\/wp-content\/uploads\/2021\/05\/DSC_0350-1024x683.jpg\" alt=\"\" class=\"wp-image-126\" srcset=\"https:\/\/bussiremont.ee\/wp-content\/uploads\/2021\/05\/DSC_0350-1024x683.jpg 1024w, https:\/\/bussiremont.ee\/wp-content\/uploads\/2021\/05\/DSC_0350-300x200.jpg 300w, https:\/\/bussiremont.ee\/wp-content\/uploads\/2021\/05\/DSC_0350-768x512.jpg 768w, https:\/\/bussiremont.ee\/wp-content\/uploads\/2021\/05\/DSC_0350-1536x1024.jpg 1536w, https:\/\/bussiremont.ee\/wp-content\/uploads\/2021\/05\/DSC_0350-2048x1365.jpg 2048w\" sizes=\"auto, (max-width: 1024px) 100vw, 1024px\" \/><\/figure>\n\n\n\n<figure class=\"wp-block-image size-large\"><img loading=\"lazy\" decoding=\"async\" width=\"683\" height=\"1024\" data-id=\"127\" src=\"http:\/\/bussiremont.ee\/wp-content\/uploads\/2021\/05\/DSC_0252-683x1024.jpg\" alt=\"\" class=\"wp-image-127\" srcset=\"https:\/\/bussiremont.ee\/wp-content\/uploads\/2021\/05\/DSC_0252-683x1024.jpg 683w, https:\/\/bussiremont.ee\/wp-content\/uploads\/2021\/05\/DSC_0252-200x300.jpg 200w, https:\/\/bussiremont.ee\/wp-content\/uploads\/2021\/05\/DSC_0252-768x1152.jpg 768w, https:\/\/bussiremont.ee\/wp-content\/uploads\/2021\/05\/DSC_0252-1024x1536.jpg 1024w, https:\/\/bussiremont.ee\/wp-content\/uploads\/2021\/05\/DSC_0252-1365x2048.jpg 1365w, https:\/\/bussiremont.ee\/wp-content\/uploads\/2021\/05\/DSC_0252-scaled.jpg 1707w\" sizes=\"auto, (max-width: 683px) 100vw, 683px\" \/><\/figure>\n\n\n\n<figure class=\"wp-block-image size-large\"><img loading=\"lazy\" decoding=\"async\" width=\"1024\" height=\"732\" data-id=\"128\" src=\"http:\/\/bussiremont.ee\/wp-content\/uploads\/2021\/05\/DSC_0248-1024x732.jpg\" alt=\"\" class=\"wp-image-128\" srcset=\"https:\/\/bussiremont.ee\/wp-content\/uploads\/2021\/05\/DSC_0248-1024x732.jpg 1024w, https:\/\/bussiremont.ee\/wp-content\/uploads\/2021\/05\/DSC_0248-300x215.jpg 300w, https:\/\/bussiremont.ee\/wp-content\/uploads\/2021\/05\/DSC_0248-768x549.jpg 768w, https:\/\/bussiremont.ee\/wp-content\/uploads\/2021\/05\/DSC_0248-1536x1099.jpg 1536w, https:\/\/bussiremont.ee\/wp-content\/uploads\/2021\/05\/DSC_0248-2048x1465.jpg 2048w\" sizes=\"auto, (max-width: 1024px) 100vw, 1024px\" \/><\/figure>\n\n\n\n<figure class=\"wp-block-image size-large\"><img loading=\"lazy\" decoding=\"async\" width=\"1024\" height=\"602\" data-id=\"162\" src=\"http:\/\/bussiremont.ee\/wp-content\/uploads\/2021\/05\/DSC_0411-1-1024x602.jpg\" alt=\"\" class=\"wp-image-162\" srcset=\"https:\/\/bussiremont.ee\/wp-content\/uploads\/2021\/05\/DSC_0411-1-1024x602.jpg 1024w, https:\/\/bussiremont.ee\/wp-content\/uploads\/2021\/05\/DSC_0411-1-300x177.jpg 300w, https:\/\/bussiremont.ee\/wp-content\/uploads\/2021\/05\/DSC_0411-1-768x452.jpg 768w, https:\/\/bussiremont.ee\/wp-content\/uploads\/2021\/05\/DSC_0411-1-1536x904.jpg 1536w, https:\/\/bussiremont.ee\/wp-content\/uploads\/2021\/05\/DSC_0411-1-2048x1205.jpg 2048w\" sizes=\"auto, (max-width: 1024px) 100vw, 1024px\" \/><\/figure>\n<\/figure>\n\n\n\n<p><\/p>\n\n\n\n<h2 class=\"wp-block-heading\">Parkla (valvega)<\/h2>\n\n\n\n<p>Meie juures on v\u00f5imalik enda masinaid parkida.<\/p>\n\n\n\n<figure class=\"wp-block-gallery has-nested-images columns-default is-cropped wp-block-gallery-3 is-layout-flex wp-block-gallery-is-layout-flex\">\n<figure class=\"wp-block-image size-large\"><img loading=\"lazy\" decoding=\"async\" width=\"1024\" height=\"683\" data-id=\"176\" src=\"http:\/\/bussiremont.ee\/wp-content\/uploads\/2021\/05\/DSC_0197-1024x683.jpg\" alt=\"\" class=\"wp-image-176\" srcset=\"https:\/\/bussiremont.ee\/wp-content\/uploads\/2021\/05\/DSC_0197-1024x683.jpg 1024w, https:\/\/bussiremont.ee\/wp-content\/uploads\/2021\/05\/DSC_0197-300x200.jpg 300w, https:\/\/bussiremont.ee\/wp-content\/uploads\/2021\/05\/DSC_0197-768x512.jpg 768w, https:\/\/bussiremont.ee\/wp-content\/uploads\/2021\/05\/DSC_0197-1536x1024.jpg 1536w, https:\/\/bussiremont.ee\/wp-content\/uploads\/2021\/05\/DSC_0197-2048x1365.jpg 2048w\" sizes=\"auto, (max-width: 1024px) 100vw, 1024px\" \/><\/figure>\n\n\n\n<figure class=\"wp-block-image size-large\"><img loading=\"lazy\" decoding=\"async\" width=\"1024\" height=\"683\" data-id=\"183\" src=\"http:\/\/bussiremont.ee\/wp-content\/uploads\/2021\/05\/DSC_0488-1024x683.jpg\" alt=\"\" class=\"wp-image-183\" srcset=\"https:\/\/bussiremont.ee\/wp-content\/uploads\/2021\/05\/DSC_0488-1024x683.jpg 1024w, https:\/\/bussiremont.ee\/wp-content\/uploads\/2021\/05\/DSC_0488-300x200.jpg 300w, https:\/\/bussiremont.ee\/wp-content\/uploads\/2021\/05\/DSC_0488-768x512.jpg 768w, https:\/\/bussiremont.ee\/wp-content\/uploads\/2021\/05\/DSC_0488-1536x1024.jpg 1536w, https:\/\/bussiremont.ee\/wp-content\/uploads\/2021\/05\/DSC_0488-2048x1366.jpg 2048w\" sizes=\"auto, (max-width: 1024px) 100vw, 1024px\" \/><\/figure>\n\n\n\n<figure class=\"wp-block-image size-large\"><img loading=\"lazy\" decoding=\"async\" width=\"1024\" height=\"673\" data-id=\"175\" src=\"http:\/\/bussiremont.ee\/wp-content\/uploads\/2021\/05\/DSC_0194-1024x673.jpg\" alt=\"\" class=\"wp-image-175\" srcset=\"https:\/\/bussiremont.ee\/wp-content\/uploads\/2021\/05\/DSC_0194-1024x673.jpg 1024w, https:\/\/bussiremont.ee\/wp-content\/uploads\/2021\/05\/DSC_0194-300x197.jpg 300w, https:\/\/bussiremont.ee\/wp-content\/uploads\/2021\/05\/DSC_0194-768x505.jpg 768w, https:\/\/bussiremont.ee\/wp-content\/uploads\/2021\/05\/DSC_0194-1536x1009.jpg 1536w, https:\/\/bussiremont.ee\/wp-content\/uploads\/2021\/05\/DSC_0194-2048x1346.jpg 2048w\" sizes=\"auto, (max-width: 1024px) 100vw, 1024px\" \/><\/figure>\n\n\n\n<figure class=\"wp-block-image size-large\"><img loading=\"lazy\" decoding=\"async\" width=\"1024\" height=\"653\" data-id=\"174\" src=\"http:\/\/bussiremont.ee\/wp-content\/uploads\/2021\/05\/DSC_0192-1024x653.jpg\" alt=\"\" class=\"wp-image-174\" srcset=\"https:\/\/bussiremont.ee\/wp-content\/uploads\/2021\/05\/DSC_0192-1024x653.jpg 1024w, https:\/\/bussiremont.ee\/wp-content\/uploads\/2021\/05\/DSC_0192-300x191.jpg 300w, https:\/\/bussiremont.ee\/wp-content\/uploads\/2021\/05\/DSC_0192-768x490.jpg 768w, https:\/\/bussiremont.ee\/wp-content\/uploads\/2021\/05\/DSC_0192-1536x979.jpg 1536w, https:\/\/bussiremont.ee\/wp-content\/uploads\/2021\/05\/DSC_0192-2048x1305.jpg 2048w\" sizes=\"auto, (max-width: 1024px) 100vw, 1024px\" \/><\/figure>\n\n\n\n<figure class=\"wp-block-image size-large\"><img loading=\"lazy\" decoding=\"async\" width=\"1024\" height=\"560\" data-id=\"173\" src=\"http:\/\/bussiremont.ee\/wp-content\/uploads\/2021\/05\/DSC_0185-1024x560.jpg\" alt=\"\" class=\"wp-image-173\" srcset=\"https:\/\/bussiremont.ee\/wp-content\/uploads\/2021\/05\/DSC_0185-1024x560.jpg 1024w, https:\/\/bussiremont.ee\/wp-content\/uploads\/2021\/05\/DSC_0185-300x164.jpg 300w, https:\/\/bussiremont.ee\/wp-content\/uploads\/2021\/05\/DSC_0185-768x420.jpg 768w, https:\/\/bussiremont.ee\/wp-content\/uploads\/2021\/05\/DSC_0185-1536x840.jpg 1536w, https:\/\/bussiremont.ee\/wp-content\/uploads\/2021\/05\/DSC_0185-2048x1120.jpg 2048w\" sizes=\"auto, (max-width: 1024px) 100vw, 1024px\" \/><\/figure>\n<\/figure>\n\n\n\n<p><\/p>\n","protected":false},"excerpt":{"rendered":"<p>Bussiremont O\u00dc tegemised l\u00e4bi aegade. Karavani remontt\u00f6\u00f6d Meie juures on v\u00f5imalik oma karavan t\u00f6\u00f6korda seada. Parkla (valvega) Meie juures on v\u00f5imalik enda masinaid parkida.<\/p>\n","protected":false},"author":1,"featured_media":0,"parent":0,"menu_order":3,"comment_status":"closed","ping_status":"closed","template":"","meta":{"footnotes":""},"class_list":["post-121","page","type-page","status-publish","hentry"],"_links":{"self":[{"href":"https:\/\/bussiremont.ee\/index.php?rest_route=\/wp\/v2\/pages\/121","targetHints":{"allow":["GET"]}}],"collection":[{"href":"https:\/\/bussiremont.ee\/index.php?rest_route=\/wp\/v2\/pages"}],"about":[{"href":"https:\/\/bussiremont.ee\/index.php?rest_route=\/wp\/v2\/types\/page"}],"author":[{"embeddable":true,"href":"https:\/\/bussiremont.ee\/index.php?rest_route=\/wp\/v2\/users\/1"}],"replies":[{"embeddable":true,"href":"https:\/\/bussiremont.ee\/index.php?rest_route=%2Fwp%2Fv2%2Fcomments&post=121"}],"version-history":[{"count":15,"href":"https:\/\/bussiremont.ee\/index.php?rest_route=\/wp\/v2\/pages\/121\/revisions"}],"predecessor-version":[{"id":252,"href":"https:\/\/bussiremont.ee\/index.php?rest_route=\/wp\/v2\/pages\/121\/revisions\/252"}],"wp:attachment":[{"href":"https:\/\/bussiremont.ee\/index.php?rest_route=%2Fwp%2Fv2%2Fmedia&parent=121"}],"curies":[{"name":"wp","href":"https:\/\/api.w.org\/{rel}","templated":true}]}}