{"id":48,"date":"2020-05-25T08:30:54","date_gmt":"2020-05-25T08:30:54","guid":{"rendered":"http:\/\/bussiremont.ee\/?page_id=48"},"modified":"2021-05-19T10:20:00","modified_gmt":"2021-05-19T10:20:00","slug":"teie-remondipartner","status":"publish","type":"page","link":"https:\/\/bussiremont.ee\/?page_id=48","title":{"rendered":"Teie remondipartner!"},"content":{"rendered":"\n<h2 class=\"wp-block-heading\">Pakume remonditeenust autobussidele, veokitele ja teistele tarbes\u00f5idukitele.<\/h2>\n\n\n\n<p>Bussiremont O\u00dc on pakkunud remonditeenuseid Eesti Vabariigis alates 2011. aastast.<br><br>Meie tehnikaspetsialistide abiga saab lahendada k\u00f5ik s\u00f5idukitesse puutuvad k\u00fcsimused.<br><br>Bussiremont O\u00dc t\u00f6\u00f6kojas, asukohaga Lennuradari tee 8, Rae vald, teostatakse diagnostika, mehhaanika, siseviimistlus ja elektrit\u00f6id. Samuti on olemas sillastend.<br><br>Bussiremont O\u00dc on Temsa autobussitehase ametlik remondipartner Eesti Vabariigis.<\/p>\n\n\n\n<figure class=\"wp-block-image size-large\"><img loading=\"lazy\" decoding=\"async\" width=\"1024\" height=\"627\" src=\"http:\/\/bussiremont.ee\/wp-content\/uploads\/2021\/05\/DSC_0205-1024x627.jpg\" alt=\"\" class=\"wp-image-187\" srcset=\"https:\/\/bussiremont.ee\/wp-content\/uploads\/2021\/05\/DSC_0205-1024x627.jpg 1024w, https:\/\/bussiremont.ee\/wp-content\/uploads\/2021\/05\/DSC_0205-300x184.jpg 300w, https:\/\/bussiremont.ee\/wp-content\/uploads\/2021\/05\/DSC_0205-768x471.jpg 768w, https:\/\/bussiremont.ee\/wp-content\/uploads\/2021\/05\/DSC_0205-1536x941.jpg 1536w, https:\/\/bussiremont.ee\/wp-content\/uploads\/2021\/05\/DSC_0205-2048x1255.jpg 2048w\" sizes=\"auto, (max-width: 1024px) 100vw, 1024px\" \/><\/figure>\n","protected":false},"excerpt":{"rendered":"<p>Pakume remonditeenust autobussidele, veokitele ja teistele tarbes\u00f5idukitele. Bussiremont O\u00dc on pakkunud remonditeenuseid Eesti Vabariigis alates 2011. aastast. Meie tehnikaspetsialistide abiga saab lahendada k\u00f5ik s\u00f5idukitesse puutuvad k\u00fcsimused. Bussiremont O\u00dc t\u00f6\u00f6kojas, asukohaga Lennuradari tee 8, Rae vald, teostatakse diagnostika, mehhaanika, siseviimistlus ja elektrit\u00f6id. Samuti on olemas sillastend. Bussiremont O\u00dc on Temsa autobussitehase ametlik remondipartner Eesti Vabariigis.<\/p>\n","protected":false},"author":1,"featured_media":0,"parent":0,"menu_order":1,"comment_status":"closed","ping_status":"closed","template":"","meta":{"footnotes":""},"class_list":["post-48","page","type-page","status-publish","hentry"],"_links":{"self":[{"href":"https:\/\/bussiremont.ee\/index.php?rest_route=\/wp\/v2\/pages\/48","targetHints":{"allow":["GET"]}}],"collection":[{"href":"https:\/\/bussiremont.ee\/index.php?rest_route=\/wp\/v2\/pages"}],"about":[{"href":"https:\/\/bussiremont.ee\/index.php?rest_route=\/wp\/v2\/types\/page"}],"author":[{"embeddable":true,"href":"https:\/\/bussiremont.ee\/index.php?rest_route=\/wp\/v2\/users\/1"}],"replies":[{"embeddable":true,"href":"https:\/\/bussiremont.ee\/index.php?rest_route=%2Fwp%2Fv2%2Fcomments&post=48"}],"version-history":[{"count":2,"href":"https:\/\/bussiremont.ee\/index.php?rest_route=\/wp\/v2\/pages\/48\/revisions"}],"predecessor-version":[{"id":189,"href":"https:\/\/bussiremont.ee\/index.php?rest_route=\/wp\/v2\/pages\/48\/revisions\/189"}],"wp:attachment":[{"href":"https:\/\/bussiremont.ee\/index.php?rest_route=%2Fwp%2Fv2%2Fmedia&parent=48"}],"curies":[{"name":"wp","href":"https:\/\/api.w.org\/{rel}","templated":true}]}}